{"id":547,"date":"2025-09-24T08:03:24","date_gmt":"2025-09-24T08:03:24","guid":{"rendered":"https:\/\/pion.irem.univ-mrs.fr\/?page_id=547"},"modified":"2025-09-29T12:57:59","modified_gmt":"2025-09-29T12:57:59","slug":"tables-de-multiplications","status":"publish","type":"page","link":"https:\/\/pion.irem.univ-mrs.fr\/index.php\/tables-de-multiplications\/","title":{"rendered":"Tables de multiplications"},"content":{"rendered":"\n<figure class=\"wp-block-table\"><table><tbody><tr><td>1<\/td><td><a href=\"https:\/\/wims.univ-amu.fr\/wims\/wims.cgi?module=adm\/raw&amp;job=lightpopup&amp;emod=E6\/number\/oeftabmul.fr&amp;parm=cmd=new;exo=coursemult&amp;+confparm1=2&amp;+confparm1=3&amp;+confparm1=4&amp;+confparm2=10&amp;+qnum=1&amp;+scoredelay=100%2C200&amp;+seedrepeat=0&amp;+qcmlevel=1&amp;+option=noabout&amp;+option=noabout\" target=\"_blank\" rel=\"noreferrer noopener\">Course aux tables Niveau 1<\/a> <\/td><td><\/td><td>tables 2 \u00e0 4 ,10 en 100 secondes<\/td><td><\/td><\/tr><tr><td>2<\/td><td><a href=\"https:\/\/wims.univ-amu.fr\/wims\/wims.cgi?module=adm\/raw&amp;job=lightpopup&amp;emod=E6\/number\/oeftabmul.fr&amp;parm=cmd=new;exo=coursemult&amp;+confparm1=2&amp;+confparm1=3&amp;+confparm1=4&amp;+confparm2=10&amp;+qnum=1&amp;+scoredelay=80%2C160&amp;+seedrepeat=0&amp;+qcmlevel=1&amp;+option=noabout&amp;+option=noabout\" target=\"_blank\" rel=\"noreferrer noopener\">Course aux tables Niveau 2<\/a><\/td><td><\/td><td>tables 2 \u00e0 4 ,10 en 80 secondes<\/td><td><\/td><\/tr><tr><td>3<\/td><td><a href=\"https:\/\/wims.univ-amu.fr\/wims\/wims.cgi?module=adm\/raw&amp;job=lightpopup&amp;emod=E6\/number\/oeftabmul.fr&amp;parm=cmd=new;exo=coursemult&amp;+confparm1=2&amp;+confparm1=3&amp;+confparm1=4&amp;+confparm1=5&amp;+confparm1=6&amp;+confparm2=10&amp;+qnum=1&amp;+scoredelay=100%2C200&amp;+seedrepeat=0&amp;+qcmlevel=1&amp;+option=noabout&amp;+option=noabout\" target=\"_blank\" rel=\"noreferrer noopener\">Course aux tables Niveau 3<\/a><\/td><td><\/td><td>tables 2 \u00e0 6 ,10 en 100 secondes<\/td><td><\/td><\/tr><tr><td>4<\/td><td><a href=\"https:\/\/wims.univ-amu.fr\/wims\/wims.cgi?module=adm\/raw&amp;job=lightpopup&amp;emod=E6\/number\/oeftabmul.fr&amp;parm=cmd=new;exo=coursemult&amp;+confparm1=3&amp;+confparm1=4&amp;+confparm1=5&amp;+confparm1=6&amp;+confparm2=10&amp;+qnum=1&amp;+scoredelay=80%2C160&amp;+seedrepeat=0&amp;+qcmlevel=1&amp;+option=noabout&amp;+option=noabout\" target=\"_blank\" rel=\"noreferrer noopener\">Course aux tables Niveau 4<\/a><\/td><td><\/td><td>tables 3 \u00e0 6 ,10 en 80 secondes<\/td><td><\/td><\/tr><tr><td>5<\/td><td><a href=\"https:\/\/wims.univ-amu.fr\/wims\/wims.cgi?module=adm\/raw&amp;job=lightpopup&amp;emod=E6\/number\/oeftabmul.fr&amp;parm=cmd=new;exo=coursemult&amp;+confparm1=2&amp;+confparm1=3&amp;+confparm1=4&amp;+confparm1=5&amp;+confparm1=6&amp;+confparm1=7&amp;+confparm1=8&amp;+confparm1=9&amp;+confparm2=10&amp;+qnum=1&amp;+scoredelay=100%2C200&amp;+seedrepeat=0&amp;+qcmlevel=1&amp;+option=noabout&amp;+option=noabout\" target=\"_blank\" rel=\"noreferrer noopener\">Course aux tables Niveau 5<\/a><\/td><td><\/td><td>tables 2 \u00e0 9 ,10 en 100 secondes<\/td><td><\/td><\/tr><tr><td>6<\/td><td><a href=\"https:\/\/wims.univ-amu.fr\/wims\/wims.cgi?module=adm\/raw&amp;job=lightpopup&amp;emod=E6\/number\/oeftabmul.fr&amp;parm=cmd=new;exo=coursetroumult;confparm1=7;confparm1=8;confparm2=10;qnum=1;scoredelay=100;seedrepeat=0;qcmlevel=1&amp;option=noabout\" target=\"_blank\" rel=\"noreferrer noopener\">Course aux trous des tables Niveau 6<\/a><\/td><td><\/td><td>Tables 6,7,8,9, 10 questions en 100 secondes<\/td><td><\/td><\/tr><\/tbody><\/table><figcaption class=\"wp-element-caption\">Feuille d&rsquo;exercice WIMS : Course aux tables (Pr\u00e9sente dans toutes les sauvegardes du groupe)<\/figcaption><\/figure>\n\n\n\n<p>Retour \u00e0 <a href=\"https:\/\/pion.irem.univ-mrs.fr\/index.php\/calcul-mental-et-automatismes-lycee\/\" data-type=\"page\" data-id=\"554\">Calcul mental et automatismes Lyc\u00e9e<\/a><\/p>\n","protected":false},"excerpt":{"rendered":"<p>1 Course aux tables Niveau 1 tables 2 \u00e0 4 ,10 en 100 secondes 2 Course aux tables Niveau 2 tables 2 \u00e0 4 ,10 en 80 secondes 3 Course aux tables Niveau 3 tables 2 \u00e0 6 ,10 en 100 secondes 4 Course aux tables Niveau 4 tables 3 \u00e0 6 ,10 en 80&hellip;&nbsp;<a href=\"https:\/\/pion.irem.univ-mrs.fr\/index.php\/tables-de-multiplications\/\" rel=\"bookmark\">Lire la suite &raquo;<span class=\"screen-reader-text\">Tables de multiplications<\/span><\/a><\/p>\n","protected":false},"author":3,"featured_media":0,"parent":0,"menu_order":0,"comment_status":"closed","ping_status":"closed","template":"","meta":{"neve_meta_sidebar":"","neve_meta_container":"","neve_meta_enable_content_width":"","neve_meta_content_width":0,"neve_meta_title_alignment":"","neve_meta_author_avatar":"","neve_post_elements_order":"","neve_meta_disable_header":"","neve_meta_disable_footer":"","neve_meta_disable_title":""},"_links":{"self":[{"href":"https:\/\/pion.irem.univ-mrs.fr\/index.php\/wp-json\/wp\/v2\/pages\/547"}],"collection":[{"href":"https:\/\/pion.irem.univ-mrs.fr\/index.php\/wp-json\/wp\/v2\/pages"}],"about":[{"href":"https:\/\/pion.irem.univ-mrs.fr\/index.php\/wp-json\/wp\/v2\/types\/page"}],"author":[{"embeddable":true,"href":"https:\/\/pion.irem.univ-mrs.fr\/index.php\/wp-json\/wp\/v2\/users\/3"}],"replies":[{"embeddable":true,"href":"https:\/\/pion.irem.univ-mrs.fr\/index.php\/wp-json\/wp\/v2\/comments?post=547"}],"version-history":[{"count":7,"href":"https:\/\/pion.irem.univ-mrs.fr\/index.php\/wp-json\/wp\/v2\/pages\/547\/revisions"}],"predecessor-version":[{"id":577,"href":"https:\/\/pion.irem.univ-mrs.fr\/index.php\/wp-json\/wp\/v2\/pages\/547\/revisions\/577"}],"wp:attachment":[{"href":"https:\/\/pion.irem.univ-mrs.fr\/index.php\/wp-json\/wp\/v2\/media?parent=547"}],"curies":[{"name":"wp","href":"https:\/\/api.w.org\/{rel}","templated":true}]}}