{"id":554,"date":"2025-09-24T08:09:00","date_gmt":"2025-09-24T08:09:00","guid":{"rendered":"https:\/\/pion.irem.univ-mrs.fr\/?page_id=554"},"modified":"2025-09-29T14:11:48","modified_gmt":"2025-09-29T14:11:48","slug":"calcul-mental-et-automatismes-lycee","status":"publish","type":"page","link":"https:\/\/pion.irem.univ-mrs.fr\/index.php\/calcul-mental-et-automatismes-lycee\/","title":{"rendered":"Calcul Mental et automatismes Lyc\u00e9e"},"content":{"rendered":"<p>Voici les \u00ab\u00a0fiches\u00a0\u00bb \u00e0 diffuser aux \u00e9l\u00e8ves pour qu&rsquo;ils s\u2019entrainent.<br \/>\nL&rsquo;\u00e9valuation peut se faire ensuite en classe sur papier, ou sur WIMS (si vous avez une classe WIMS)<\/p>\n<p><a href=\"https:\/\/pion.irem.univ-mrs.fr\/index.php\/tables-de-multiplications\" target=\"_blank\" rel=\"noopener\">Tables de multiplications<\/a><\/p>\n<p>D\u00e8s la seconde :<\/p>\n<ul>\n<li><a href=\"https:\/\/pion.irem.univ-mrs.fr\/index.php\/calcul-mental-et-automatismes-lycee\/2d-automatismes-calcul-numerique\/\" target=\"_blank\" rel=\"noopener\"> 2D Automatismes calcul num\u00e9rique<\/a><\/li>\n<li>2D Automatismes calcul\u00a0alg\u00e9brique<\/li>\n<\/ul>\n","protected":false},"excerpt":{"rendered":"<p>Voici les \u00ab\u00a0fiches\u00a0\u00bb \u00e0 diffuser aux \u00e9l\u00e8ves pour qu&rsquo;ils s\u2019entrainent. L&rsquo;\u00e9valuation peut se faire ensuite en classe sur papier, ou sur WIMS (si vous avez une classe WIMS) Tables de multiplications D\u00e8s la seconde : 2D Automatismes calcul num\u00e9rique 2D Automatismes calcul\u00a0alg\u00e9brique<\/p>\n","protected":false},"author":3,"featured_media":0,"parent":0,"menu_order":0,"comment_status":"closed","ping_status":"closed","template":"","meta":{"neve_meta_sidebar":"","neve_meta_container":"","neve_meta_enable_content_width":"","neve_meta_content_width":0,"neve_meta_title_alignment":"","neve_meta_author_avatar":"","neve_post_elements_order":"","neve_meta_disable_header":"","neve_meta_disable_footer":"","neve_meta_disable_title":""},"_links":{"self":[{"href":"https:\/\/pion.irem.univ-mrs.fr\/index.php\/wp-json\/wp\/v2\/pages\/554"}],"collection":[{"href":"https:\/\/pion.irem.univ-mrs.fr\/index.php\/wp-json\/wp\/v2\/pages"}],"about":[{"href":"https:\/\/pion.irem.univ-mrs.fr\/index.php\/wp-json\/wp\/v2\/types\/page"}],"author":[{"embeddable":true,"href":"https:\/\/pion.irem.univ-mrs.fr\/index.php\/wp-json\/wp\/v2\/users\/3"}],"replies":[{"embeddable":true,"href":"https:\/\/pion.irem.univ-mrs.fr\/index.php\/wp-json\/wp\/v2\/comments?post=554"}],"version-history":[{"count":5,"href":"https:\/\/pion.irem.univ-mrs.fr\/index.php\/wp-json\/wp\/v2\/pages\/554\/revisions"}],"predecessor-version":[{"id":593,"href":"https:\/\/pion.irem.univ-mrs.fr\/index.php\/wp-json\/wp\/v2\/pages\/554\/revisions\/593"}],"wp:attachment":[{"href":"https:\/\/pion.irem.univ-mrs.fr\/index.php\/wp-json\/wp\/v2\/media?parent=554"}],"curies":[{"name":"wp","href":"https:\/\/api.w.org\/{rel}","templated":true}]}}