{"id":559,"date":"2025-09-29T12:49:20","date_gmt":"2025-09-29T12:49:20","guid":{"rendered":"https:\/\/pion.irem.univ-mrs.fr\/?page_id=559"},"modified":"2025-09-29T14:09:24","modified_gmt":"2025-09-29T14:09:24","slug":"2d-automatismes-calcul-numerique","status":"publish","type":"page","link":"https:\/\/pion.irem.univ-mrs.fr\/index.php\/calcul-mental-et-automatismes-lycee\/2d-automatismes-calcul-numerique\/","title":{"rendered":"2D Automatismes Calcul num\u00e9rique"},"content":{"rendered":"<p>Liste des exercices propos\u00e9s<br \/>\nClic sur le titre de l&rsquo;exercice pour le faire.<\/p>\n<p><b>Niveau 1 :<\/b> <a href=\"https:\/\/wims.univ-amu.fr\/wims\/wims.cgi?module=adm\/raw&amp;job=lightpopup&amp;emod=H4\/math\/quizzautomat.fr&amp;parm=cmd=new;exo=conv1;exo=conv2;qnum=3;qcmlevel=1;scoredelay=;seedrepeat=0;option=noabout\" target=\"_blank\" rel=\"noopener\">Conversion d&rsquo;unit\u00e9s<\/a><br \/>\nCet exercice peut \u00eatre r\u00e9solu sans utiliser la calculatrice.<\/p>\n<p><b>Niveau 2 :<\/b> <a href=\"https:\/\/wims.univ-amu.fr\/wims\/wims.cgi?module=adm\/raw&amp;job=lightpopup&amp;emod=H4\/math\/quizzautomat.fr&amp;parm=cmd=new;exo=pcent4&amp;+qnum=3&amp;+qcmlevel=1&amp;+scoredelay=&amp;+seedrepeat=0&amp;option=noabout\" target=\"_blank\" rel=\"noopener\">Fraction; d\u00e9cimal; pourcentage<\/a><br \/>\nCet exercice peut \u00eatre r\u00e9solu sans utiliser la calculatrice.<\/p>\n<p><b>Niveau 3 :<\/b> <a href=\"https:\/\/wims.univ-amu.fr\/wims\/wims.cgi?module=adm\/raw&amp;job=lightpopup&amp;emod=H4\/math\/quizzautomat.fr&amp;parm=cmd=new;exo=puis2&amp;+qnum=3&amp;+qcmlevel=1&amp;+scoredelay=&amp;+seedrepeat=0&amp;option=noabout\" target=\"_blank\" rel=\"noopener\">Ordre de grandeur et op\u00e9rations<\/a><br \/>\nAutomatismes n\u00e9cessaires pour la r\u00e9solution de probl\u00e8mes au lyc\u00e9e.<\/p>\n<p><b>Niveau 4 :<\/b> <a href=\"https:\/\/wims.univ-amu.fr\/wims\/wims.cgi?module=adm\/raw&amp;job=lightpopup&amp;emod=H4\/math\/quizzautomat.fr&amp;parm=cmd=new;parm=cmd=new;exo=frac3;exo=frac2;qnum=3;qcmlevel=1;scoredelay=;seedrepeat=0;option=noabout&amp;option=noabout\" target=\"_blank\" rel=\"noopener\">Rationnels : d\u00e9cimal &lt;-&gt; fractionnaire<\/a><br \/>\nCet exercice peut \u00eatre r\u00e9solu sans utiliser la calculatrice.<\/p>\n<p><b>Niveau 5 :<\/b> <a href=\"https:\/\/wims.univ-amu.fr\/wims\/wims.cgi?module=adm\/raw&amp;job=lightpopup&amp;emod=H3\/math\/quizz.fr&amp;parm=cmd=new;exo=0922;confparm2=1;qnum=3;scoredelay=;seedrepeat=0;qcmlevel=1&amp;option=noabout\" target=\"_blank\" rel=\"noopener\">Produit, quotient de puissances de 10<\/a><br \/>\nQuestion 0922 de la course aux nombres.<\/p>\n<p><b>Niveau 6 :<\/b> <a href=\"https:\/\/wims.univ-amu.fr\/wims\/wims.cgi?module=adm\/raw&amp;job=lightpopup&amp;emod=E6\/number\/fractions.fr&amp;parm=cmd=new;exo=compare;qnum=3;scoredelay=;seedrepeat=0;qcmlevel=1&amp;option=noabout\" target=\"_blank\" rel=\"noopener\">Comparer deux fractions<\/a><br \/>\nCompl\u00e9ter par &lt; ou &gt;<\/p>\n<p><b>Niveau 7 :<\/b> <a href=\"https:\/\/wims.univ-amu.fr\/wims\/wims.cgi?module=adm\/raw&amp;job=lightpopup&amp;emod=H3\/math\/quizz.fr&amp;parm=cmd=new;exo=0512;exo=0621;exo=0622;exo=0706;exo=0723;exo=0730;exo=0806;exo=0812;exo=0817;exo=0821;exo=0824;exo=0906;exo=0912;exo=0928;exo=1002;confparm2=1;qnum=4;scoredelay=;seedrepeat=0;qcmlevel=1&amp;option=noabout\" target=\"_blank\" rel=\"noopener\">Courses Fractions<\/a><br \/>\n4 questions issues de la course aux nombres.<\/p>\n<p><b>Niveau 8 :<\/b> <a href=\"https:\/\/wims.univ-amu.fr\/wims\/wims.cgi?module=adm\/raw&amp;job=lightpopup&amp;emod=H4\/math\/quizzautomat.fr&amp;parm=cmd=new;exo=courseop;confparm4=1;confparm4=2;confparm4=3;confparm3=3;confparm1=2;confparm2=5;qnum=1;scoredelay=120,240;seedrepeat=0;qcmlevel=1&amp;option=noabout\" target=\"_blank\" rel=\"noopener\">Course de fractions (chrono)<\/a><br \/>\nAutomatismes n\u00e9cessaires pour la r\u00e9solution de probl\u00e8mes au lyc\u00e9e. 5 questions, toutes op\u00e9rations, 2 minutes<\/p>\n<p>Retour \u00e0 la liste des fiches d&rsquo;<a href=\"_wp_link_placeholder\" data-wplink-edit=\"true\">Automatismes Lyc\u00e9e<\/a><\/p>\n","protected":false},"excerpt":{"rendered":"<p>Liste des exercices propos\u00e9s Clic sur le titre de l&rsquo;exercice pour le faire. Niveau 1 : Conversion d&rsquo;unit\u00e9s Cet exercice peut \u00eatre r\u00e9solu sans utiliser la calculatrice. Niveau 2 : Fraction; d\u00e9cimal; pourcentage Cet exercice peut \u00eatre r\u00e9solu sans utiliser la calculatrice. Niveau 3 : Ordre de grandeur et op\u00e9rations Automatismes n\u00e9cessaires pour la r\u00e9solution&hellip;&nbsp;<a href=\"https:\/\/pion.irem.univ-mrs.fr\/index.php\/calcul-mental-et-automatismes-lycee\/2d-automatismes-calcul-numerique\/\" rel=\"bookmark\">Lire la suite &raquo;<span class=\"screen-reader-text\">2D Automatismes Calcul num\u00e9rique<\/span><\/a><\/p>\n","protected":false},"author":3,"featured_media":0,"parent":554,"menu_order":1,"comment_status":"closed","ping_status":"closed","template":"","meta":{"neve_meta_sidebar":"","neve_meta_container":"","neve_meta_enable_content_width":"","neve_meta_content_width":0,"neve_meta_title_alignment":"","neve_meta_author_avatar":"","neve_post_elements_order":"","neve_meta_disable_header":"","neve_meta_disable_footer":"","neve_meta_disable_title":""},"_links":{"self":[{"href":"https:\/\/pion.irem.univ-mrs.fr\/index.php\/wp-json\/wp\/v2\/pages\/559"}],"collection":[{"href":"https:\/\/pion.irem.univ-mrs.fr\/index.php\/wp-json\/wp\/v2\/pages"}],"about":[{"href":"https:\/\/pion.irem.univ-mrs.fr\/index.php\/wp-json\/wp\/v2\/types\/page"}],"author":[{"embeddable":true,"href":"https:\/\/pion.irem.univ-mrs.fr\/index.php\/wp-json\/wp\/v2\/users\/3"}],"replies":[{"embeddable":true,"href":"https:\/\/pion.irem.univ-mrs.fr\/index.php\/wp-json\/wp\/v2\/comments?post=559"}],"version-history":[{"count":13,"href":"https:\/\/pion.irem.univ-mrs.fr\/index.php\/wp-json\/wp\/v2\/pages\/559\/revisions"}],"predecessor-version":[{"id":591,"href":"https:\/\/pion.irem.univ-mrs.fr\/index.php\/wp-json\/wp\/v2\/pages\/559\/revisions\/591"}],"up":[{"embeddable":true,"href":"https:\/\/pion.irem.univ-mrs.fr\/index.php\/wp-json\/wp\/v2\/pages\/554"}],"wp:attachment":[{"href":"https:\/\/pion.irem.univ-mrs.fr\/index.php\/wp-json\/wp\/v2\/media?parent=559"}],"curies":[{"name":"wp","href":"https:\/\/api.w.org\/{rel}","templated":true}]}}